{"id":63,"date":"2017-03-13T21:12:19","date_gmt":"2017-03-13T20:12:19","guid":{"rendered":"http:\/\/ekt.janharms.net\/?page_id=63"},"modified":"2025-04-27T00:16:15","modified_gmt":"2025-04-26T22:16:15","slug":"tagesablauf","status":"publish","type":"page","link":"https:\/\/ekt-lindenbluete.de\/?page_id=63","title":{"rendered":"Tagesablauf"},"content":{"rendered":"<p class=\"p1\"><strong>8.30 &#8211; 9.30 Ankommen<\/strong><\/p>\n<p>Wir starten den Morgen direkt im Garten. Ein Ankommen im Kinderladen ist grunds\u00e4tzlich bis 10.00 Uhr m\u00f6glich.<\/p>\n<p>Donnerstags starten wir in der Turnhalle. Hier starten wir zwischen 8.30 &#8211; 9.00 Uhr.<\/p>\n<p class=\"p1\"><strong>9.30 &#8211; 10 Offenes Fr\u00fchst\u00fcck<\/strong><\/p>\n<p class=\"p1\">Wir bieten im Essbereich ein ausgiebiges, abwechslungsreiches Fr\u00fchst\u00fcck an, welches von einer P\u00e4dagogin begleitet wird. Die Kinder entscheiden selbst ob, was und wie lange sie fr\u00fchst\u00fccken m\u00f6chten. Damit das in Ruhe geschehen kann, bitten wir euch, eure Kinder in dieser Zeit nicht in den Laden zu bringen, drau\u00dfen im Garten k\u00f6nnen sie in der Zeit jedoch gerne ankommen. Anschlie\u00dfend ist Zeit f\u00fcr freies Spielen oder Unternehmungen wie der Besuch eines Spielplatzes. Gemeinsam entscheiden wir mit den Kindern, wo es hingehen soll.<\/p>\n<p>Unser Mittagskreis bringt alle Kinder wieder zusammen und leitet von der Spielzeit in die Mittagszeit \u00fcber.<\/p>\n<p class=\"p1\"><strong>Ca. 12.15 Mittagessen<\/strong><\/p>\n<p>In der <span class=\"il\">Lindenbl\u00fcte<\/span> essen wir bio-vegetarisch. Der Cateringservice Lison Alvarez \u2013 lacatering liefert uns jeden Tag ein abwechslungsreiches und leckeres Mahl. Zusammen mit den Kindern decken wir die Tische. Die Kinder sch\u00f6pfen sich das Essen selbst auf die Teller und entscheiden, was und wieviel sie essen m\u00f6chten. Wir beginnen die Mahlzeit mit einem gemeinsamen Tischspruch. Anschlie\u00dfend geht eine P\u00e4dagogin mit den Kindern Z\u00e4hne putzen und begleitet diejenigen, die an diesem Tag schlafen wollen, beim Ausziehen und Einschlafen. Die andere P\u00e4dagogin k\u00fcmmert sich w\u00e4hrenddessen um die K\u00fcche. Nun beginnt f\u00fcr alle eine Entspannungsphase, in der die Kinder einem Buch lauschen oder anderweitig ruhig t\u00e4tig sind. Wer das Bed\u00fcrfnis nach frischer Luft oder bewegterem Spielen hat, kann in den Garten gehen.<br \/>\nAm Nachmittag gehen die Kinder wieder ihren selbstgew\u00e4hlten T\u00e4tigkeiten nach. Gegen 15.00 Uhr treffen wir uns nochmal gemeinsam am Tisch, bei sch\u00f6nem Wetter auch drau\u00dfen, und essen Obst. Der Kinderladen wird gemeinsam aufger\u00e4umt und bis zur Schlie\u00dfung spielen die Kinder im Hof.<\/p>\n<p class=\"p1\"><strong>Bringen und Abholen:<br \/>\n<\/strong><\/p>\n<p>Ihr k\u00f6nnt also eure Kinder bringen zwischen 8.30 und 10.00 (siehe oben) und abholen zwischen 12.45 und 14.50 sowie ab etwa 15.20 bis 16.30.<\/p>\n<p class=\"p1\">Danke f\u00fcr Eure Kooperation.<\/p>\n<p><strong>\u00d6ffnungszeiten der Lindenbl\u00fcte<\/strong><br \/>\nMontag \u2013 Freitag: 8:30 &#8211; 16:30<\/p>\n","protected":false},"excerpt":{"rendered":"<p>8.30 &#8211; 9.30 Ankommen Wir starten den Morgen direkt im Garten. Ein Ankommen im Kinderladen ist grunds\u00e4tzlich bis 10.00 Uhr m\u00f6glich. Donnerstags starten wir in der Turnhalle. Hier starten wir zwischen 8.30 &#8211; 9.00 Uhr. 9.30 &#8211; 10 Offenes Fr\u00fchst\u00fcck Wir bieten im Essbereich ein ausgiebiges, abwechslungsreiches Fr\u00fchst\u00fcck an, welches von einer P\u00e4dagogin begleitet wird. Die Kinder entscheiden selbst ob, was und wie lange sie fr\u00fchst\u00fccken m\u00f6chten. Damit das in&hellip;<\/p>\n","protected":false},"author":1,"featured_media":0,"parent":61,"menu_order":0,"comment_status":"closed","ping_status":"closed","template":"","meta":{"footnotes":""},"class_list":["post-63","page","type-page","status-publish","hentry"],"jetpack_sharing_enabled":true,"_links":{"self":[{"href":"https:\/\/ekt-lindenbluete.de\/index.php?rest_route=\/wp\/v2\/pages\/63","targetHints":{"allow":["GET"]}}],"collection":[{"href":"https:\/\/ekt-lindenbluete.de\/index.php?rest_route=\/wp\/v2\/pages"}],"about":[{"href":"https:\/\/ekt-lindenbluete.de\/index.php?rest_route=\/wp\/v2\/types\/page"}],"author":[{"embeddable":true,"href":"https:\/\/ekt-lindenbluete.de\/index.php?rest_route=\/wp\/v2\/users\/1"}],"replies":[{"embeddable":true,"href":"https:\/\/ekt-lindenbluete.de\/index.php?rest_route=%2Fwp%2Fv2%2Fcomments&post=63"}],"version-history":[{"count":13,"href":"https:\/\/ekt-lindenbluete.de\/index.php?rest_route=\/wp\/v2\/pages\/63\/revisions"}],"predecessor-version":[{"id":440,"href":"https:\/\/ekt-lindenbluete.de\/index.php?rest_route=\/wp\/v2\/pages\/63\/revisions\/440"}],"up":[{"embeddable":true,"href":"https:\/\/ekt-lindenbluete.de\/index.php?rest_route=\/wp\/v2\/pages\/61"}],"wp:attachment":[{"href":"https:\/\/ekt-lindenbluete.de\/index.php?rest_route=%2Fwp%2Fv2%2Fmedia&parent=63"}],"curies":[{"name":"wp","href":"https:\/\/api.w.org\/{rel}","templated":true}]}}