{"id":59,"date":"2017-03-13T21:10:43","date_gmt":"2017-03-13T20:10:43","guid":{"rendered":"http:\/\/ekt.janharms.net\/?page_id=59"},"modified":"2025-04-26T23:34:24","modified_gmt":"2025-04-26T21:34:24","slug":"lindenbluete-e-v","status":"publish","type":"page","link":"https:\/\/ekt-lindenbluete.de\/?page_id=59","title":{"rendered":"Verein"},"content":{"rendered":"<p><strong>Der Verein EKT Lindenbl\u00fcte e.V. wurde vor 40 Jahren gegr\u00fcndet.<\/strong><\/p>\n<p>Das Konzept \u201cEltern-Initiativ-Kinderladen\u201d besteht bis heute und bedeutet f\u00fcr die Eltern:<br \/>\n&#8211; Die Eltern sind als Vereinsmitglieder Tr\u00e4ger des Kinderladens und sind f\u00fcr das Fortbestehen des Kinderladens voll verantwortlich.<br \/>\n&#8211; Sie leisten die Verwaltungsarbeit und sind f\u00fcr die Instandhaltung zust\u00e4ndig.<br \/>\n&#8211; Auf regelm\u00e4\u00dfig stattfindenden Elternabenden werden inhaltliche und organisatorische Fragen mit den Erzieher<span class=\"s1\">*i<\/span>nnen besprochen.<\/p>\n","protected":false},"excerpt":{"rendered":"<p>Der Verein EKT Lindenbl\u00fcte e.V. wurde vor 40 Jahren gegr\u00fcndet. Das Konzept \u201cEltern-Initiativ-Kinderladen\u201d besteht bis heute und bedeutet f\u00fcr die Eltern: &#8211; Die Eltern sind als Vereinsmitglieder Tr\u00e4ger des Kinderladens und sind f\u00fcr das Fortbestehen des Kinderladens voll verantwortlich. &#8211; Sie leisten die Verwaltungsarbeit und sind f\u00fcr die Instandhaltung zust\u00e4ndig. &#8211; Auf regelm\u00e4\u00dfig stattfindenden Elternabenden werden inhaltliche und organisatorische Fragen mit den Erzieher*innen besprochen.<\/p>\n","protected":false},"author":1,"featured_media":0,"parent":0,"menu_order":0,"comment_status":"closed","ping_status":"closed","template":"","meta":{"footnotes":""},"class_list":["post-59","page","type-page","status-publish","hentry"],"jetpack_sharing_enabled":true,"_links":{"self":[{"href":"https:\/\/ekt-lindenbluete.de\/index.php?rest_route=\/wp\/v2\/pages\/59","targetHints":{"allow":["GET"]}}],"collection":[{"href":"https:\/\/ekt-lindenbluete.de\/index.php?rest_route=\/wp\/v2\/pages"}],"about":[{"href":"https:\/\/ekt-lindenbluete.de\/index.php?rest_route=\/wp\/v2\/types\/page"}],"author":[{"embeddable":true,"href":"https:\/\/ekt-lindenbluete.de\/index.php?rest_route=\/wp\/v2\/users\/1"}],"replies":[{"embeddable":true,"href":"https:\/\/ekt-lindenbluete.de\/index.php?rest_route=%2Fwp%2Fv2%2Fcomments&post=59"}],"version-history":[{"count":6,"href":"https:\/\/ekt-lindenbluete.de\/index.php?rest_route=\/wp\/v2\/pages\/59\/revisions"}],"predecessor-version":[{"id":431,"href":"https:\/\/ekt-lindenbluete.de\/index.php?rest_route=\/wp\/v2\/pages\/59\/revisions\/431"}],"wp:attachment":[{"href":"https:\/\/ekt-lindenbluete.de\/index.php?rest_route=%2Fwp%2Fv2%2Fmedia&parent=59"}],"curies":[{"name":"wp","href":"https:\/\/api.w.org\/{rel}","templated":true}]}}